{"id":21,"date":"2020-02-20T10:30:15","date_gmt":"2020-02-20T10:30:15","guid":{"rendered":"http:\/\/plebanski.fuw.edu.pl\/?page_id=21"},"modified":"2022-02-25T15:47:37","modified_gmt":"2022-02-25T15:47:37","slug":"students-coworkers","status":"publish","type":"page","link":"http:\/\/plebanski.fuw.edu.pl\/index.php\/students-coworkers\/","title":{"rendered":"Students"},"content":{"rendered":"\n<h4 class=\"has-accent-color has-text-color\">PhD Students<\/h4>\n\n\n\n<div class=\"wp-block-columns\">\n<div class=\"wp-block-column\">\n<h6 class=\"has-accent-color has-text-color\">PhD from Warsaw University<\/h6>\n\n\n\n<ol><li>A. Trautman<\/li><li>W. Tulczyiew<\/li><li>S. Ba\u017ca\u0144ski<\/li><li>R. Michalska-Trautman<\/li><li>A. Sym<\/li><li>A. Krasi\u0144ski<\/li><li>J. Kowalczy\u0144ski<\/li><li>K. R\u00f3zga<\/li><\/ol>\n<\/div>\n\n\n\n<div class=\"wp-block-column\">\n<h6 class=\"has-accent-color has-text-color\"> PhD  from Universities of Warsaw and Brno, Czechoslovakia<\/h6>\n\n\n\n<ol><li>J. Slavic<\/li><\/ol>\n\n\n\n<h6 class=\"has-accent-color has-text-color\">OTHER  PhD students<\/h6>\n\n\n\n<ol><li>Laura Morales (CIEA-IPN)<\/li><li>Gustavo L\u00f3pez (UNAM)<\/li><li>A.R. Guzm\u00e1n S\u00e1nchez<\/li><li>H\u00e9ctor Garc\u00eda Compean   <\/li><\/ol>\n\n\n\n<p><\/p>\n<\/div>\n<\/div>\n\n\n\n<h6 class=\"has-accent-color has-text-color\"> PhD  from the Center for Research and Advanced Studies of the IPN, Mexico<\/h6>\n\n\n\n<ol><li> B. Mielnik<\/li><li>R. Pellicer<\/li><li>Alarc\u00f3n Guti\u00e9rrez<\/li><li>G. Torres del Castillo<\/li><\/ol>\n\n\n\n<hr class=\"wp-block-separator is-style-wide\"\/>\n\n\n\n<h4 class=\"has-accent-color has-text-color\">Master students<\/h4>\n\n\n\n<p>During the time Pleba\u0144ski worked at the University of Warsaw, he was the thesis director &#8220;magister&#8221; (equivalent to the Master&#8217;s), managing an average of 3 theses per year, that is, a total of 30 &#8220;magisters&#8221; within which they stand out some whose results were published in important journals.<\/p>\n\n\n\n<div class=\"wp-block-columns\">\n<div class=\"wp-block-column\">\n<h6 class=\"has-accent-color has-text-color\">Master students in Poland<\/h6>\n\n\n\n<ol><li>A. Trautman<\/li><li>I. Bia\u0142ynicki-Birula<\/li><li>Z. Z. Wiatr Bia\u0142ynicka<\/li><li>R. Michalska-Trautman<\/li><li>J. Ryte\u0144-Robinson<\/li><li>B. Mielnik<\/li><li>A. Krasi\u0144ski<\/li><li>A. Sobiczewski<\/li><li>A. Jamio\u0142kowski <\/li><\/ol>\n<\/div>\n\n\n\n<div class=\"wp-block-column\">\n<h6 class=\"has-accent-color has-text-color\">Master students in Mexico<\/h6>\n\n\n\n<ol><li>R. Pellicer<\/li><li>S. Alarc\u00f3n-Guti\u00e9rrez<\/li><li>Gerardo Torres del Castillo<\/li><li>Enrique Daltwit<\/li><li>Jos\u00e9 Warman<\/li><li>Samuel Alc\u00e1ntara<\/li><li>Fermin Viniegra<\/li><li>L. Palacios Moron<\/li><li>M. Mu\u00f1oz<\/li><li>Rub\u00e9n S\u00e1nchez S.<\/li><li>Francisco Turrubiates<\/li><li>H\u00e9ctor Uriarte   <\/li><\/ol>\n<\/div>\n<\/div>\n","protected":false},"excerpt":{"rendered":"<p>PhD Students PhD from Warsaw University A. Trautman W. Tulczyiew S. Ba\u017ca\u0144ski R. Michalska-Trautman A. Sym A. Krasi\u0144ski J. Kowalczy\u0144ski K. R\u00f3zga PhD from Universities of Warsaw and&#8230;<\/p>\n","protected":false},"author":1,"featured_media":0,"parent":0,"menu_order":0,"comment_status":"closed","ping_status":"closed","template":"","meta":[],"_links":{"self":[{"href":"http:\/\/plebanski.fuw.edu.pl\/index.php\/wp-json\/wp\/v2\/pages\/21"}],"collection":[{"href":"http:\/\/plebanski.fuw.edu.pl\/index.php\/wp-json\/wp\/v2\/pages"}],"about":[{"href":"http:\/\/plebanski.fuw.edu.pl\/index.php\/wp-json\/wp\/v2\/types\/page"}],"author":[{"embeddable":true,"href":"http:\/\/plebanski.fuw.edu.pl\/index.php\/wp-json\/wp\/v2\/users\/1"}],"replies":[{"embeddable":true,"href":"http:\/\/plebanski.fuw.edu.pl\/index.php\/wp-json\/wp\/v2\/comments?post=21"}],"version-history":[{"count":8,"href":"http:\/\/plebanski.fuw.edu.pl\/index.php\/wp-json\/wp\/v2\/pages\/21\/revisions"}],"predecessor-version":[{"id":356,"href":"http:\/\/plebanski.fuw.edu.pl\/index.php\/wp-json\/wp\/v2\/pages\/21\/revisions\/356"}],"wp:attachment":[{"href":"http:\/\/plebanski.fuw.edu.pl\/index.php\/wp-json\/wp\/v2\/media?parent=21"}],"curies":[{"name":"wp","href":"https:\/\/api.w.org\/{rel}","templated":true}]}}