{"id":64,"date":"2020-02-20T11:43:25","date_gmt":"2020-02-20T11:43:25","guid":{"rendered":"http:\/\/plebanski.fuw.edu.pl\/?page_id=64"},"modified":"2022-02-25T15:48:25","modified_gmt":"2022-02-25T15:48:25","slug":"curriculum-vitae","status":"publish","type":"page","link":"http:\/\/plebanski.fuw.edu.pl\/index.php\/curriculum-vitae\/","title":{"rendered":"Curriculum Vitae"},"content":{"rendered":"\n<p class=\"has-text-align-center\">7 May 1928 (Warsaw, Poland) &#8211;  24 August 2005 (Mexico)<\/p>\n\n\n\n<h4 class=\"has-accent-color has-text-color\">Degrees<\/h4>\n\n\n\n<ul><li>Magistery in Philosophy in Physics (1951),  Warsaw University, Poland<\/li><li>Doctor in Physical Sciences (1954), Warsaw University, Poland<\/li><\/ul>\n\n\n\n<h4 class=\"has-accent-color has-text-color\">Academic and research experience<\/h4>\n\n\n\n<ul><li>Scientific Researcher since 1949 (University of Warsaw). <\/li><li>Assistant Professor at the University of Warsaw 1952-1962 (docent). <\/li><li>Associate Professor at the University of Warsaw (1962-1968) (prof. Nz.) <\/li><li>Ordinary Senior Professor at the University of Warsaw since 1969 (Prof. Zw.) <\/li><li>Professor and Head of the Dept. of Physics of the Center for Research and Advanced Studies of the IPN, 1962-1967, Mexico. <\/li><li>Member of the Institute of Advanced Studies of Princeton, New Jersey, U.S.A. (1958-1959). <\/li><li>Associate Researcher in the Department of Physics U.C.L.A., U.S.A. 1959-1960. <\/li><li>Visiting Professor of the Libiediev Institute of the Academy of Sciences and the Nuclear Research Institute in Dubna, U.R.S.S., 1956 and 1961. <\/li><\/ul>\n\n\n\n<h4 class=\"has-accent-color has-text-color\">Administrative and honorary positions<\/h4>\n\n\n\n<ul><li>Vice-Dean of the Faculty of Physics and Mathematics of the University of Warsaw, cadences from 1956-1958, 1960-1962. <\/li><li>Vice-Rector of the University of Warsaw, cadences 1969-1971 and 1971-1973. <\/li><li>President of the Scientific Council of the Institute of School Programs of the Ministry of Education (Poland) 1972-1973. <\/li><li>President of the Association of Friends of the Ibero-American Culture in Warsaw, 1970-1973. <\/li><li>Member of the Commission of the National Plan of Science and Technology, Mexico, 1975-1976. <\/li><li>Member of the Acad\u00e9mia de la Investigaci\u00f3n Cient\u00edfica, Mexico, 1976. <\/li><li>Member of the Dictaminating Commission of the Institute of Physics, UNAM 1979-1986. <\/li><li>Member of the Commission Dictaminadora of the National System of Researchers, 1986-1990. <\/li><li>Member of the Awards Commission of the Academy of Scientific Research (2 times) of which two prizes were given in 1985 to Dr. Jos\u00e9 Luis Mor\u00e1n L\u00f3pez and in 1996 to Dr. Gerardo Torres del Castillo. <\/li><li>Director of the best Doctoral Thesis in 1995, by Dr. H\u00e9ctor Hugo Garc\u00eda Competen Weizman award.  <\/li><li>Honorary Professor of the Department of Physics of the Center for Research and Advanced Studies of the IPN, with a license from the University of Warsaw. <\/li><li>Scientific Advisor of the C. Sub-Secretary of Education and Research, Secretary of Public Education, with a license from the University of Warsaw, during the presidency of Luis Echeverr\u00eda and Jos\u00e9 L\u00f3pez Portillo. <\/li><\/ul>\n\n\n\n<h4 class=\"has-accent-color has-text-color\">Distinctions and condorations<\/h4>\n\n\n\n<ul><li>Scientific Prize of the\n\tMinistry of Higher Education of the ler. Degree (May 1970), Poland.\n\t<\/li><li>Medal of the Commission\n\tof Public Education (November of 1973), Poland.\n\t<\/li><li>Knight of the Order of\n\tPoland Restituta (November 1973), Poland.\n\t<\/li><li>Aguila Azteca with the\n\tDegree of Encomienda (July 1976), Mexico.\n\t<\/li><li>Medal of the Mexican\n\tSociety of Physics (November 1986), Mexico.\n\t<\/li><li>Heritage Chair of\n\tExelencia I (January 1993), Mexico.\n\t<\/li><li>National Researcher\n\tEmeritus (1995) S.N.I.\n\t<\/li><li>The Cross of the Officer\n\tof the Order of Merit of the Republic of Poland (1998) Poland.\n\t<\/li><li>Official Diploma granted\n\tby the Commission of Scientific Sciences of Poland (1998) Poland.\n<\/li><\/ul>\n\n\n\n<h4 class=\"has-accent-color has-text-color\">Activities in the organization of conferences and international symposia<\/h4>\n\n\n\n<ul><li>Member of the Organizing\n\tCommittee at the International Conference on Relativity and\n\tGravitation in Jabtonna (Poland) 1962.\n\t<\/li><li>Co-organizer (with Drs.\n\tA. Bohm and M. Moshinski) at the Symposium of Mathematical Physics\n\tin Mexico City on January 5-8, 1976.\n\t<\/li><li>Member of the Program\n\tCommittee of the GR8 (8-th International Conference on Relativity\n\tand Gravitation) and president of the Exact Solutions Symposium,\n\twithin said conference, held in Waterloo (Canada) in July 1977.\n\t<\/li><li>President of the\n\tOrganizing Committee of the Latin American Symposium of Relativity\n\tand Gravitation, SILARG II, which was held in August 1978 in Mexico.\n\t<\/li><li>Member of the\n\tInternational Committee of the Society of Relativity and\n\tGravitation, elected during the GR8 in Waterloo, Canada, 1977, for a\n\tperiod of 9 years.\n\t<\/li><li>Co-organizer with Prof.\n\tJ. A. Wheeler, of the Relativity session, International Mathematical\n\tPhysics Symposium, Austin, Texas, September 1978.\n\t<\/li><li>Member of the National\n\tCommittee of the PAGWASH Meeting, Mexico, D.F., July 1979.\n\t<\/li><li>Member of the Organizing\n\tCommittee of the IX International Colloquium on Applications of\n\tGroup Theory in Physics, which was held in Mexico in June 1980.\n\t<\/li><li>Member of the\n\t&#8220;Advisory Committee&#8221; of the 2nd. &#8220;Marcel Grossman\n\tMeeting&#8221;, Trieste (Italy) July 1979.\n<\/li><\/ul>\n\n\n\n<h4 class=\"has-accent-color has-text-color\">Editorial activities<\/h4>\n\n\n\n<ul><li>Member of the Editorial Board of the &#8220;Reports in Mathematical Physics&#8221;, Toru\u00f1, Polo-nia, from 1970-1992.<\/li><li>Member of the Referral Body of the Classical and Quantum Gravity. (1993-?)<\/li><\/ul>\n\n\n\n<p><\/p>\n","protected":false},"excerpt":{"rendered":"<p>7 May 1928 (Warsaw, Poland) &#8211; 24 August 2005 (Mexico) Degrees Magistery in Philosophy in Physics (1951), Warsaw University, Poland Doctor in Physical Sciences (1954), Warsaw University, Poland&#8230;<\/p>\n","protected":false},"author":1,"featured_media":0,"parent":0,"menu_order":0,"comment_status":"closed","ping_status":"closed","template":"","meta":[],"_links":{"self":[{"href":"http:\/\/plebanski.fuw.edu.pl\/index.php\/wp-json\/wp\/v2\/pages\/64"}],"collection":[{"href":"http:\/\/plebanski.fuw.edu.pl\/index.php\/wp-json\/wp\/v2\/pages"}],"about":[{"href":"http:\/\/plebanski.fuw.edu.pl\/index.php\/wp-json\/wp\/v2\/types\/page"}],"author":[{"embeddable":true,"href":"http:\/\/plebanski.fuw.edu.pl\/index.php\/wp-json\/wp\/v2\/users\/1"}],"replies":[{"embeddable":true,"href":"http:\/\/plebanski.fuw.edu.pl\/index.php\/wp-json\/wp\/v2\/comments?post=64"}],"version-history":[{"count":4,"href":"http:\/\/plebanski.fuw.edu.pl\/index.php\/wp-json\/wp\/v2\/pages\/64\/revisions"}],"predecessor-version":[{"id":357,"href":"http:\/\/plebanski.fuw.edu.pl\/index.php\/wp-json\/wp\/v2\/pages\/64\/revisions\/357"}],"wp:attachment":[{"href":"http:\/\/plebanski.fuw.edu.pl\/index.php\/wp-json\/wp\/v2\/media?parent=64"}],"curies":[{"name":"wp","href":"https:\/\/api.w.org\/{rel}","templated":true}]}}